{"id":44,"date":"2026-03-05T11:51:26","date_gmt":"2026-03-05T11:51:26","guid":{"rendered":"https:\/\/agitated-hermann.217-154-145-147.plesk.page\/?page_id=44"},"modified":"2026-03-05T11:52:40","modified_gmt":"2026-03-05T11:52:40","slug":"elementor-44","status":"publish","type":"page","link":"https:\/\/courssecondaireambourhouet-edu.com\/index.php\/elementor-44\/","title":{"rendered":"Elementor #44"},"content":{"rendered":"\t\t<div data-elementor-type=\"wp-post\" data-elementor-id=\"44\" class=\"elementor elementor-44\">\n\t\t\t\t<div class=\"elementor-element elementor-element-872eec2 e-grid e-con-full e-con e-parent\" data-id=\"872eec2\" data-element_type=\"container\" data-e-type=\"container\">\n\t\t\t\t<div class=\"elementor-element elementor-element-011f880 elementor-widget elementor-widget-image\" data-id=\"011f880\" data-element_type=\"widget\" data-e-type=\"widget\" data-widget_type=\"image.default\">\n\t\t\t\t\t\t\t\t\t\t\t\t\t\t\t<img fetchpriority=\"high\" decoding=\"async\" width=\"811\" height=\"1024\" src=\"https:\/\/courssecondaireambourhouet-edu.com\/wp-content\/uploads\/2026\/03\/tutor-IA-811x1024.jpg\" class=\"attachment-large size-large wp-image-47\" alt=\"\" srcset=\"https:\/\/courssecondaireambourhouet-edu.com\/wp-content\/uploads\/2026\/03\/tutor-IA-811x1024.jpg 811w, https:\/\/courssecondaireambourhouet-edu.com\/wp-content\/uploads\/2026\/03\/tutor-IA-238x300.jpg 238w, https:\/\/courssecondaireambourhouet-edu.com\/wp-content\/uploads\/2026\/03\/tutor-IA-768x970.jpg 768w, https:\/\/courssecondaireambourhouet-edu.com\/wp-content\/uploads\/2026\/03\/tutor-IA.jpg 950w\" sizes=\"(max-width: 811px) 100vw, 811px\" \/>\t\t\t\t\t\t\t\t\t\t\t\t\t\t\t<\/div>\n\t\t<div class=\"elementor-element elementor-element-f12d042 e-con-full e-flex e-con e-child\" data-id=\"f12d042\" data-element_type=\"container\" data-e-type=\"container\">\n\t\t\t\t<div class=\"elementor-element elementor-element-0911903 elementor-widget elementor-widget-heading\" data-id=\"0911903\" data-element_type=\"widget\" data-e-type=\"widget\" data-widget_type=\"heading.default\">\n\t\t\t\t\t<h2 class=\"elementor-heading-title elementor-size-default\">Historique <\/h2>\t\t\t\t<\/div>\n\t\t\t\t<div class=\"elementor-element elementor-element-9e78282 elementor-widget elementor-widget-text-editor\" data-id=\"9e78282\" data-element_type=\"widget\" data-e-type=\"widget\" data-widget_type=\"text-editor.default\">\n\t\t\t\t\t\t\t\t\t<p style=\"font-size: 16px; font-style: normal; font-weight: 400; margin-bottom: 1em; margin-block-end: 13px; color: #000000; font-family: Inter, sans-serif; background-color: #f6f7fd;\" data-end=\"516\" data-start=\"157\"><span style=\"font-weight: bold;\" data-end=\"207\" data-start=\"157\">1. Fondation et premi\u00e8res ann\u00e9es (1965 \u2013 1980)<\/span><br data-end=\"210\" data-start=\"207\" \/>Le Cours Secondaire Ambourhouet a \u00e9t\u00e9 fond\u00e9 en\u00a0<span style=\"font-weight: bold;\" data-end=\"265\" data-start=\"257\">1965<\/span>\u00a0pour r\u00e9pondre aux besoins croissants en \u00e9ducation secondaire dans la r\u00e9gion en pleine expansion. \u00c0 ses d\u00e9buts, l\u2019\u00e9tablissement accueillait uniquement des \u00e9l\u00e8ves en fili\u00e8re g\u00e9n\u00e9rale, avec une centaine d\u2019\u00e9l\u00e8ves r\u00e9partis sur quatre classes de seconde.<\/p><p style=\"font-size: 16px; font-style: normal; font-weight: 400; margin-bottom: 1em; margin-block-end: 13px; color: #000000; font-family: Inter, sans-serif; background-color: #f6f7fd;\" data-end=\"1008\" data-start=\"518\"><span style=\"font-weight: bold;\" data-end=\"571\" data-start=\"518\">2. D\u00e9veloppement et diversification (1980 \u2013 2000)<\/span><br data-end=\"574\" data-start=\"571\" \/>Durant les ann\u00e9es 1980, l\u2019\u00e9tablissement a connu une forte croissance d\u00e9mographique. En\u00a0<span style=\"font-weight: bold;\" data-end=\"669\" data-start=\"661\">1985<\/span>, une aile d\u00e9di\u00e9e \u00e0 la fili\u00e8re technologique a \u00e9t\u00e9 construite, permettant l\u2019ouverture des s\u00e9ries STT (actuelles STMG).<br data-end=\"790\" data-start=\"787\" \/>En\u00a0<span style=\"font-weight: bold;\" data-end=\"801\" data-start=\"793\">1992<\/span>, le cours secondaire a \u00e9t\u00e9 officiellement reconnu comme \u00e9tablissement polyvalent, pour refl\u00e9ter l\u2019\u00e9largissement de son offre \u00e9ducative, int\u00e9grant \u00e9galement les fili\u00e8res professionnelles (BEP, puis Bac Pro).<\/p><p style=\"font-size: 16px; font-style: normal; font-weight: 400; margin-bottom: 1em; margin-block-end: 13px; color: #000000; font-family: Inter, sans-serif; background-color: #f6f7fd;\" data-end=\"1153\" data-start=\"1010\"><span style=\"font-weight: bold;\" data-end=\"1072\" data-start=\"1010\">3. Modernisation et innovations p\u00e9dagogiques (2000 \u2013 2020)<\/span><br data-end=\"1075\" data-start=\"1072\" \/>Au d\u00e9but des ann\u00e9es 2000, l\u2019\u00e9tablissement a entam\u00e9 une vaste modernisation :<\/p><ul style=\"font-size: 16px; font-style: normal; font-weight: 400; margin: 0px 0px 1.5em 3em; padding: 0px; color: #000000; font-family: Inter, sans-serif; background-color: #f6f7fd;\" data-end=\"1519\" data-start=\"1154\"><li style=\"font-size: 16px;\" data-end=\"1233\" data-start=\"1154\"><p style=\"font-size: 16px; margin-bottom: 1em; margin-block-end: 13px;\" data-end=\"1233\" data-start=\"1156\">Informatisation des salles et installation de vid\u00e9oprojecteurs interactifs.<\/p><\/li><li style=\"font-size: 16px;\" data-end=\"1295\" data-start=\"1234\"><p style=\"font-size: 16px; margin-bottom: 1em; margin-block-end: 13px;\" data-end=\"1295\" data-start=\"1236\">Cr\u00e9ation d\u2019un CDI moderne et d\u2019un laboratoire de langues.<\/p><\/li><li style=\"font-size: 16px;\" data-end=\"1519\" data-start=\"1296\"><p style=\"font-size: 16px; margin-bottom: 1em; margin-block-end: 13px;\" data-end=\"1519\" data-start=\"1298\">Participation \u00e0 des projets \u00e9ducatifs r\u00e9gionaux et internationaux.<br data-end=\"1367\" data-start=\"1364\" \/>En\u00a0<span style=\"font-weight: bold;\" data-end=\"1378\" data-start=\"1370\">2010<\/span>, le Cours Secondaire Ambourhouet a mis en place une politique d\u2019accompagnement individualis\u00e9 (tutorat, projets personnalis\u00e9s d\u2019orientation).<\/p><\/li><\/ul><p style=\"font-size: 16px; font-style: normal; font-weight: 400; margin-bottom: 1em; margin-block-end: 13px; color: #000000; font-family: Inter, sans-serif; background-color: #f6f7fd;\" data-end=\"2241\" data-start=\"2061\">responsables et tourn\u00e9s vers l\u2019avenir.<\/p>\t\t\t\t\t\t\t\t<\/div>\n\t\t\t\t<\/div>\n\t\t<div class=\"elementor-element elementor-element-e28d0bb e-con-full e-flex e-con e-child\" data-id=\"e28d0bb\" data-element_type=\"container\" data-e-type=\"container\">\n\t\t\t\t<div class=\"elementor-element elementor-element-e468935 elementor-widget elementor-widget-text-editor\" data-id=\"e468935\" data-element_type=\"widget\" data-e-type=\"widget\" data-widget_type=\"text-editor.default\">\n\t\t\t\t\t\t\t\t\t<p style=\"font-size: 16px; font-style: normal; font-weight: 400; margin-bottom: 1em; margin-block-end: 13px; color: #000000; font-family: Inter, sans-serif; background-color: #f6f7fd;\" data-end=\"1752\" data-start=\"1521\"><span style=\"font-weight: bold;\" data-end=\"1572\" data-start=\"1521\">4. L\u2019\u00e9tablissement aujourd\u2019hui (2020 \u2013 pr\u00e9sent)<\/span><br data-end=\"1575\" data-start=\"1572\" \/>Aujourd\u2019hui, le Cours Secondaire Ambourhouet accueille pr\u00e8s de\u00a0<span style=\"font-weight: bold;\" data-end=\"1654\" data-start=\"1638\">1 200 \u00e9l\u00e8ves<\/span>\u00a0r\u00e9partis dans les fili\u00e8res g\u00e9n\u00e9rales, technologiques et professionnelles. Il est reconnu pour :<\/p><ul style=\"font-size: 16px; font-style: normal; font-weight: 400; margin: 0px 0px 1.5em 3em; padding: 0px; color: #000000; font-family: Inter, sans-serif; background-color: #f6f7fd;\" data-end=\"2059\" data-start=\"1753\"><li style=\"font-size: 16px;\" data-end=\"1804\" data-start=\"1753\"><p style=\"font-size: 16px; margin-bottom: 1em; margin-block-end: 13px;\" data-end=\"1804\" data-start=\"1755\">Ses excellents r\u00e9sultats aux examens nationaux.<\/p><\/li><li style=\"font-size: 16px;\" data-end=\"1890\" data-start=\"1805\"><p style=\"font-size: 16px; margin-bottom: 1em; margin-block-end: 13px;\" data-end=\"1890\" data-start=\"1807\">Ses partenariats avec des entreprises locales pour les stages et l\u2019apprentissage.<\/p><\/li><li style=\"font-size: 16px;\" data-end=\"1965\" data-start=\"1891\"><p style=\"font-size: 16px; margin-bottom: 1em; margin-block-end: 13px;\" data-end=\"1965\" data-start=\"1893\">Son engagement dans le d\u00e9veloppement durable et la citoyennet\u00e9 active.<\/p><\/li><li style=\"font-size: 16px;\" data-end=\"2059\" data-start=\"1966\"><p style=\"font-size: 16px; margin-bottom: 1em; margin-block-end: 13px;\" data-end=\"2059\" data-start=\"1968\">L\u2019ouverture de sections bilingues et de formations post-bac adapt\u00e9es aux besoins du march\u00e9.<\/p><\/li><\/ul><p style=\"font-size: 16px; font-style: normal; font-weight: 400; margin-bottom: 1em; margin-block-end: 13px; color: #000000; font-family: Inter, sans-serif; background-color: #f6f7fd;\" data-end=\"2241\" data-start=\"2061\">Le\u00a0<span style=\"font-weight: bold;\">Cours Secondaire Ambourhouet<\/span>\u00a0poursuit sa mission \u00e9ducative avec passion, discipline et excellence, formant des jeunes citoyens comp\u00e9tents,<\/p>\t\t\t\t\t\t\t\t<\/div>\n\t\t\t\t<\/div>\n\t\t\t\t<\/div>\n\t\t<div class=\"elementor-element elementor-element-26b3223 e-grid e-con-full e-con e-parent\" data-id=\"26b3223\" data-element_type=\"container\" data-e-type=\"container\">\n\t\t\t\t<\/div>\n\t\t\t\t<\/div>\n\t\t","protected":false},"excerpt":{"rendered":"<p>Historique 1. Fondation et premi\u00e8res ann\u00e9es (1965 \u2013 1980)Le Cours Secondaire Ambourhouet a \u00e9t\u00e9 fond\u00e9 en\u00a01965\u00a0pour r\u00e9pondre aux besoins croissants [&hellip;]<\/p>\n","protected":false},"author":1,"featured_media":0,"parent":0,"menu_order":0,"comment_status":"closed","ping_status":"closed","template":"","meta":{"site-sidebar-layout":"no-sidebar","site-content-layout":"","ast-site-content-layout":"full-width-container","site-content-style":"default","site-sidebar-style":"default","ast-global-header-display":"","ast-banner-title-visibility":"","ast-main-header-display":"","ast-hfb-above-header-display":"","ast-hfb-below-header-display":"","ast-hfb-mobile-header-display":"","site-post-title":"","ast-breadcrumbs-content":"","ast-featured-img":"disabled","footer-sml-layout":"","ast-disable-related-posts":"","theme-transparent-header-meta":"","adv-header-id-meta":"","stick-header-meta":"","header-above-stick-meta":"","header-main-stick-meta":"","header-below-stick-meta":"","astra-migrate-meta-layouts":"default","ast-page-background-enabled":"default","ast-page-background-meta":{"desktop":{"background-color":"var(--ast-global-color-5)","background-image":"","background-repeat":"repeat","background-position":"center center","background-size":"auto","background-attachment":"scroll","background-type":"","background-media":"","overlay-type":"","overlay-color":"","overlay-opacity":"","overlay-gradient":""},"tablet":{"background-color":"","background-image":"","background-repeat":"repeat","background-position":"center center","background-size":"auto","background-attachment":"scroll","background-type":"","background-media":"","overlay-type":"","overlay-color":"","overlay-opacity":"","overlay-gradient":""},"mobile":{"background-color":"","background-image":"","background-repeat":"repeat","background-position":"center center","background-size":"auto","background-attachment":"scroll","background-type":"","background-media":"","overlay-type":"","overlay-color":"","overlay-opacity":"","overlay-gradient":""}},"ast-content-background-meta":{"desktop":{"background-color":"var(--ast-global-color-4)","background-image":"","background-repeat":"repeat","background-position":"center center","background-size":"auto","background-attachment":"scroll","background-type":"","background-media":"","overlay-type":"","overlay-color":"","overlay-opacity":"","overlay-gradient":""},"tablet":{"background-color":"var(--ast-global-color-4)","background-image":"","background-repeat":"repeat","background-position":"center center","background-size":"auto","background-attachment":"scroll","background-type":"","background-media":"","overlay-type":"","overlay-color":"","overlay-opacity":"","overlay-gradient":""},"mobile":{"background-color":"var(--ast-global-color-4)","background-image":"","background-repeat":"repeat","background-position":"center center","background-size":"auto","background-attachment":"scroll","background-type":"","background-media":"","overlay-type":"","overlay-color":"","overlay-opacity":"","overlay-gradient":""}},"footnotes":""},"class_list":["post-44","page","type-page","status-publish","hentry"],"yoast_head":"<!-- This site is optimized with the Yoast SEO plugin v27.0 - https:\/\/yoast.com\/product\/yoast-seo-wordpress\/ -->\n<title>Elementor #44 - Cours Secondaire Ambourhouet<\/title>\n<meta name=\"robots\" content=\"index, follow, max-snippet:-1, max-image-preview:large, max-video-preview:-1\" \/>\n<link rel=\"canonical\" href=\"https:\/\/courssecondaireambourhouet-edu.com\/index.php\/elementor-44\/\" \/>\n<meta property=\"og:locale\" content=\"fr_FR\" \/>\n<meta property=\"og:type\" content=\"article\" \/>\n<meta property=\"og:title\" content=\"Elementor #44 - Cours Secondaire Ambourhouet\" \/>\n<meta property=\"og:description\" content=\"Historique 1. Fondation et premi\u00e8res ann\u00e9es (1965 \u2013 1980)Le Cours Secondaire Ambourhouet a \u00e9t\u00e9 fond\u00e9 en\u00a01965\u00a0pour r\u00e9pondre aux besoins croissants [&hellip;]\" \/>\n<meta property=\"og:url\" content=\"https:\/\/courssecondaireambourhouet-edu.com\/index.php\/elementor-44\/\" \/>\n<meta property=\"og:site_name\" content=\"Cours Secondaire Ambourhouet\" \/>\n<meta property=\"article:modified_time\" content=\"2026-03-05T11:52:40+00:00\" \/>\n<meta property=\"og:image\" content=\"https:\/\/courssecondaireambourhouet-edu.com\/wp-content\/uploads\/2026\/03\/tutor-IA.jpg\" \/>\n\t<meta property=\"og:image:width\" content=\"950\" \/>\n\t<meta property=\"og:image:height\" content=\"1200\" \/>\n\t<meta property=\"og:image:type\" content=\"image\/jpeg\" \/>\n<meta name=\"twitter:card\" content=\"summary_large_image\" \/>\n<meta name=\"twitter:label1\" content=\"Dur\u00e9e de lecture estim\u00e9e\" \/>\n\t<meta name=\"twitter:data1\" content=\"2 minutes\" \/>\n<script type=\"application\/ld+json\" class=\"yoast-schema-graph\">{\"@context\":\"https:\/\/schema.org\",\"@graph\":[{\"@type\":\"WebPage\",\"@id\":\"https:\/\/courssecondaireambourhouet-edu.com\/index.php\/elementor-44\/\",\"url\":\"https:\/\/courssecondaireambourhouet-edu.com\/index.php\/elementor-44\/\",\"name\":\"Elementor #44 - Cours Secondaire Ambourhouet\",\"isPartOf\":{\"@id\":\"https:\/\/courssecondaireambourhouet-edu.com\/#website\"},\"primaryImageOfPage\":{\"@id\":\"https:\/\/courssecondaireambourhouet-edu.com\/index.php\/elementor-44\/#primaryimage\"},\"image\":{\"@id\":\"https:\/\/courssecondaireambourhouet-edu.com\/index.php\/elementor-44\/#primaryimage\"},\"thumbnailUrl\":\"https:\/\/courssecondaireambourhouet-edu.com\/wp-content\/uploads\/2026\/03\/tutor-IA-811x1024.jpg\",\"datePublished\":\"2026-03-05T11:51:26+00:00\",\"dateModified\":\"2026-03-05T11:52:40+00:00\",\"breadcrumb\":{\"@id\":\"https:\/\/courssecondaireambourhouet-edu.com\/index.php\/elementor-44\/#breadcrumb\"},\"inLanguage\":\"fr-FR\",\"potentialAction\":[{\"@type\":\"ReadAction\",\"target\":[\"https:\/\/courssecondaireambourhouet-edu.com\/index.php\/elementor-44\/\"]}]},{\"@type\":\"ImageObject\",\"inLanguage\":\"fr-FR\",\"@id\":\"https:\/\/courssecondaireambourhouet-edu.com\/index.php\/elementor-44\/#primaryimage\",\"url\":\"https:\/\/courssecondaireambourhouet-edu.com\/wp-content\/uploads\/2026\/03\/tutor-IA.jpg\",\"contentUrl\":\"https:\/\/courssecondaireambourhouet-edu.com\/wp-content\/uploads\/2026\/03\/tutor-IA.jpg\",\"width\":950,\"height\":1200},{\"@type\":\"BreadcrumbList\",\"@id\":\"https:\/\/courssecondaireambourhouet-edu.com\/index.php\/elementor-44\/#breadcrumb\",\"itemListElement\":[{\"@type\":\"ListItem\",\"position\":1,\"name\":\"Accueil\",\"item\":\"https:\/\/courssecondaireambourhouet-edu.com\/\"},{\"@type\":\"ListItem\",\"position\":2,\"name\":\"Elementor #44\"}]},{\"@type\":\"WebSite\",\"@id\":\"https:\/\/courssecondaireambourhouet-edu.com\/#website\",\"url\":\"https:\/\/courssecondaireambourhouet-edu.com\/\",\"name\":\"Cours Secondaire Ambourhouet\",\"description\":\"\",\"potentialAction\":[{\"@type\":\"SearchAction\",\"target\":{\"@type\":\"EntryPoint\",\"urlTemplate\":\"https:\/\/courssecondaireambourhouet-edu.com\/?s={search_term_string}\"},\"query-input\":{\"@type\":\"PropertyValueSpecification\",\"valueRequired\":true,\"valueName\":\"search_term_string\"}}],\"inLanguage\":\"fr-FR\"}]}<\/script>\n<!-- \/ Yoast SEO plugin. -->","yoast_head_json":{"title":"Elementor #44 - Cours Secondaire Ambourhouet","robots":{"index":"index","follow":"follow","max-snippet":"max-snippet:-1","max-image-preview":"max-image-preview:large","max-video-preview":"max-video-preview:-1"},"canonical":"https:\/\/courssecondaireambourhouet-edu.com\/index.php\/elementor-44\/","og_locale":"fr_FR","og_type":"article","og_title":"Elementor #44 - Cours Secondaire Ambourhouet","og_description":"Historique 1. Fondation et premi\u00e8res ann\u00e9es (1965 \u2013 1980)Le Cours Secondaire Ambourhouet a \u00e9t\u00e9 fond\u00e9 en\u00a01965\u00a0pour r\u00e9pondre aux besoins croissants [&hellip;]","og_url":"https:\/\/courssecondaireambourhouet-edu.com\/index.php\/elementor-44\/","og_site_name":"Cours Secondaire Ambourhouet","article_modified_time":"2026-03-05T11:52:40+00:00","og_image":[{"width":950,"height":1200,"url":"https:\/\/courssecondaireambourhouet-edu.com\/wp-content\/uploads\/2026\/03\/tutor-IA.jpg","type":"image\/jpeg"}],"twitter_card":"summary_large_image","twitter_misc":{"Dur\u00e9e de lecture estim\u00e9e":"2 minutes"},"schema":{"@context":"https:\/\/schema.org","@graph":[{"@type":"WebPage","@id":"https:\/\/courssecondaireambourhouet-edu.com\/index.php\/elementor-44\/","url":"https:\/\/courssecondaireambourhouet-edu.com\/index.php\/elementor-44\/","name":"Elementor #44 - Cours Secondaire Ambourhouet","isPartOf":{"@id":"https:\/\/courssecondaireambourhouet-edu.com\/#website"},"primaryImageOfPage":{"@id":"https:\/\/courssecondaireambourhouet-edu.com\/index.php\/elementor-44\/#primaryimage"},"image":{"@id":"https:\/\/courssecondaireambourhouet-edu.com\/index.php\/elementor-44\/#primaryimage"},"thumbnailUrl":"https:\/\/courssecondaireambourhouet-edu.com\/wp-content\/uploads\/2026\/03\/tutor-IA-811x1024.jpg","datePublished":"2026-03-05T11:51:26+00:00","dateModified":"2026-03-05T11:52:40+00:00","breadcrumb":{"@id":"https:\/\/courssecondaireambourhouet-edu.com\/index.php\/elementor-44\/#breadcrumb"},"inLanguage":"fr-FR","potentialAction":[{"@type":"ReadAction","target":["https:\/\/courssecondaireambourhouet-edu.com\/index.php\/elementor-44\/"]}]},{"@type":"ImageObject","inLanguage":"fr-FR","@id":"https:\/\/courssecondaireambourhouet-edu.com\/index.php\/elementor-44\/#primaryimage","url":"https:\/\/courssecondaireambourhouet-edu.com\/wp-content\/uploads\/2026\/03\/tutor-IA.jpg","contentUrl":"https:\/\/courssecondaireambourhouet-edu.com\/wp-content\/uploads\/2026\/03\/tutor-IA.jpg","width":950,"height":1200},{"@type":"BreadcrumbList","@id":"https:\/\/courssecondaireambourhouet-edu.com\/index.php\/elementor-44\/#breadcrumb","itemListElement":[{"@type":"ListItem","position":1,"name":"Accueil","item":"https:\/\/courssecondaireambourhouet-edu.com\/"},{"@type":"ListItem","position":2,"name":"Elementor #44"}]},{"@type":"WebSite","@id":"https:\/\/courssecondaireambourhouet-edu.com\/#website","url":"https:\/\/courssecondaireambourhouet-edu.com\/","name":"Cours Secondaire Ambourhouet","description":"","potentialAction":[{"@type":"SearchAction","target":{"@type":"EntryPoint","urlTemplate":"https:\/\/courssecondaireambourhouet-edu.com\/?s={search_term_string}"},"query-input":{"@type":"PropertyValueSpecification","valueRequired":true,"valueName":"search_term_string"}}],"inLanguage":"fr-FR"}]}},"_links":{"self":[{"href":"https:\/\/courssecondaireambourhouet-edu.com\/index.php\/wp-json\/wp\/v2\/pages\/44","targetHints":{"allow":["GET"]}}],"collection":[{"href":"https:\/\/courssecondaireambourhouet-edu.com\/index.php\/wp-json\/wp\/v2\/pages"}],"about":[{"href":"https:\/\/courssecondaireambourhouet-edu.com\/index.php\/wp-json\/wp\/v2\/types\/page"}],"author":[{"embeddable":true,"href":"https:\/\/courssecondaireambourhouet-edu.com\/index.php\/wp-json\/wp\/v2\/users\/1"}],"replies":[{"embeddable":true,"href":"https:\/\/courssecondaireambourhouet-edu.com\/index.php\/wp-json\/wp\/v2\/comments?post=44"}],"version-history":[{"count":4,"href":"https:\/\/courssecondaireambourhouet-edu.com\/index.php\/wp-json\/wp\/v2\/pages\/44\/revisions"}],"predecessor-version":[{"id":50,"href":"https:\/\/courssecondaireambourhouet-edu.com\/index.php\/wp-json\/wp\/v2\/pages\/44\/revisions\/50"}],"wp:attachment":[{"href":"https:\/\/courssecondaireambourhouet-edu.com\/index.php\/wp-json\/wp\/v2\/media?parent=44"}],"curies":[{"name":"wp","href":"https:\/\/api.w.org\/{rel}","templated":true}]}}